{"id":1508,"date":"2022-04-22T15:17:27","date_gmt":"2022-04-22T15:17:27","guid":{"rendered":"https:\/\/www.beinproject.eu\/wordpress\/?page_id=1508"},"modified":"2023-02-22T23:27:21","modified_gmt":"2023-02-22T23:27:21","slug":"articles","status":"publish","type":"page","link":"https:\/\/www.beinproject.eu\/wordpress\/?page_id=1508","title":{"rendered":"Articles"},"content":{"rendered":"\t\t<div data-elementor-type=\"wp-page\" data-elementor-id=\"1508\" class=\"elementor elementor-1508\">\n\t\t\t\t\t\t\t\t\t<section class=\"elementor-section elementor-top-section elementor-element elementor-element-23aa83b elementor-section-boxed elementor-section-height-default elementor-section-height-default\" data-id=\"23aa83b\" data-element_type=\"section\">\n\t\t\t\t\t\t<div class=\"elementor-container elementor-column-gap-default\">\n\t\t\t\t\t<div class=\"elementor-column elementor-col-100 elementor-top-column elementor-element elementor-element-5173ac7\" data-id=\"5173ac7\" data-element_type=\"column\">\n\t\t\t<div class=\"elementor-widget-wrap elementor-element-populated\">\n\t\t\t\t\t\t\t\t<div class=\"elementor-element elementor-element-11fc9db elementor-widget elementor-widget-spacer\" data-id=\"11fc9db\" data-element_type=\"widget\" data-widget_type=\"spacer.default\">\n\t\t\t\t<div class=\"elementor-widget-container\">\n\t\t\t\t\t<div class=\"elementor-spacer\">\n\t\t\t<div class=\"elementor-spacer-inner\"><\/div>\n\t\t<\/div>\n\t\t\t\t<\/div>\n\t\t\t\t<\/div>\n\t\t\t\t<div class=\"elementor-element elementor-element-2cb7975 elementor-widget elementor-widget-heading\" data-id=\"2cb7975\" data-element_type=\"widget\" data-widget_type=\"heading.default\">\n\t\t\t\t<div class=\"elementor-widget-container\">\n\t\t\t<h2 class=\"elementor-heading-title elementor-size-default\">Intercultural learning during an intensive study programme : article published in Etenjournal.<\/h2>\t\t<\/div>\n\t\t\t\t<\/div>\n\t\t\t\t<div class=\"elementor-element elementor-element-3608328 elementor-widget elementor-widget-html\" data-id=\"3608328\" data-element_type=\"widget\" data-widget_type=\"html.default\">\n\t\t\t\t<div class=\"elementor-widget-container\">\n\t\t\t<div class=\"_df_book df-lite\" id=\"df_1733\"  data-title=\"article-published-at-eten-journal\" _slug=\"1733\" wpoptions=\"true\" thumbtype=\"bg\" ><p class=\"df-raw-loading\">Please wait while flipbook is loading. For more related info, FAQs and issues please refer to <a href=\"https:\/\/wordpress.org\/plugins\/3d-flipbook-dflip-lite\/#installation\">DearFlip WordPress Flipbook Plugin Help<\/a> documentation.<\/p><\/div><script class=\"df-shortcode-script\" type=\"application\/javascript\">window.option_df_1733 = {\"outline\":[],\"forceFit\":\"true\",\"autoEnableOutline\":\"false\",\"autoEnableThumbnail\":\"false\",\"overwritePDFOutline\":\"false\",\"direction\":\"1\",\"pageSize\":\"0\",\"source\":\"https:\\\/\\\/www.beinproject.eu\\\/wordpress\\\/wp-content\\\/uploads\\\/2023\\\/02\\\/2023-5-intercultural-learning-during-an-intensive-study-programme-final-version.pdf\",\"wpOptions\":\"true\"}; if(window.DFLIP && window.DFLIP.parseBooks){window.DFLIP.parseBooks();}<\/script>\r\n\t\t<\/div>\n\t\t\t\t<\/div>\n\t\t\t\t\t<\/div>\n\t\t<\/div>\n\t\t\t\t\t\t\t<\/div>\n\t\t<\/section>\n\t\t\t\t<section class=\"elementor-section elementor-top-section elementor-element elementor-element-a4d022b elementor-section-boxed elementor-section-height-default elementor-section-height-default\" data-id=\"a4d022b\" data-element_type=\"section\">\n\t\t\t\t\t\t<div class=\"elementor-container elementor-column-gap-default\">\n\t\t\t\t\t<div class=\"elementor-column elementor-col-100 elementor-top-column elementor-element elementor-element-ea6f4e2\" data-id=\"ea6f4e2\" data-element_type=\"column\">\n\t\t\t<div class=\"elementor-widget-wrap elementor-element-populated\">\n\t\t\t\t\t\t\t\t<div class=\"elementor-element elementor-element-5583f3a elementor-widget elementor-widget-spacer\" data-id=\"5583f3a\" data-element_type=\"widget\" data-widget_type=\"spacer.default\">\n\t\t\t\t<div class=\"elementor-widget-container\">\n\t\t\t\t\t<div class=\"elementor-spacer\">\n\t\t\t<div class=\"elementor-spacer-inner\"><\/div>\n\t\t<\/div>\n\t\t\t\t<\/div>\n\t\t\t\t<\/div>\n\t\t\t\t<div class=\"elementor-element elementor-element-f23e3ee elementor-widget elementor-widget-heading\" data-id=\"f23e3ee\" data-element_type=\"widget\" data-widget_type=\"heading.default\">\n\t\t\t\t<div class=\"elementor-widget-container\">\n\t\t\t<h2 class=\"elementor-heading-title elementor-size-default\">Competences Needed for an Inclusive Teacher. The Perspective of Roma and Refugee Parents Living in Lithuania<\/h2>\t\t<\/div>\n\t\t\t\t<\/div>\n\t\t\t\t<div class=\"elementor-element elementor-element-97711d7 elementor-widget elementor-widget-text-editor\" data-id=\"97711d7\" data-element_type=\"widget\" data-widget_type=\"text-editor.default\">\n\t\t\t\t<div class=\"elementor-widget-container\">\n\t\t\t\t\t\t\t<p>Simoniuk\u0161tyt\u0117, A., Chockevi\u010di\u016bt\u0117, V. (2022) \u201cCompetences Needed for an Inclusive Teacher. The Perspective of Roma and Refugee Parents Living in Lithuania\u201d. In C. Borg (Ed.) Reimagining Parenthood in Diverse Contexts: A Handbook of Parent-Centred Approaches. Malta: Faculty of Education, University of Malta Publication, pp. 97-125.<\/p>\t\t\t\t\t\t<\/div>\n\t\t\t\t<\/div>\n\t\t\t\t\t<\/div>\n\t\t<\/div>\n\t\t\t\t\t\t\t<\/div>\n\t\t<\/section>\n\t\t\t\t\t\t\t<\/div>\n\t\t","protected":false},"excerpt":{"rendered":"<p>Intercultural learning during an intensive study programme : article published in Etenjournal. Competences Needed for an Inclusive Teacher. The Perspective of Roma and Refugee Parents Living in Lithuania Simoniuk\u0161tyt\u0117, A., Chockevi\u010di\u016bt\u0117, V. (2022) \u201cCompetences Needed for an Inclusive Teacher. The Perspective of Roma and Refugee Parents Living in Lithuania\u201d. In C. Borg (Ed.) Reimagining Parenthood&hellip;&nbsp;<a href=\"https:\/\/www.beinproject.eu\/wordpress\/?page_id=1508\" class=\"\" rel=\"bookmark\">Read More &raquo;<span class=\"screen-reader-text\">Articles<\/span><\/a><\/p>\n","protected":false},"author":3,"featured_media":0,"parent":0,"menu_order":0,"comment_status":"closed","ping_status":"closed","template":"page-templates\/template-pagebuilder-full-width.php","meta":{"neve_meta_sidebar":"full-width","neve_meta_container":"","neve_meta_enable_content_width":"on","neve_meta_content_width":100,"neve_meta_title_alignment":"","neve_meta_author_avatar":"","neve_post_elements_order":"","neve_meta_disable_header":"","neve_meta_disable_footer":"","neve_meta_disable_title":""},"_links":{"self":[{"href":"https:\/\/www.beinproject.eu\/wordpress\/index.php?rest_route=\/wp\/v2\/pages\/1508"}],"collection":[{"href":"https:\/\/www.beinproject.eu\/wordpress\/index.php?rest_route=\/wp\/v2\/pages"}],"about":[{"href":"https:\/\/www.beinproject.eu\/wordpress\/index.php?rest_route=\/wp\/v2\/types\/page"}],"author":[{"embeddable":true,"href":"https:\/\/www.beinproject.eu\/wordpress\/index.php?rest_route=\/wp\/v2\/users\/3"}],"replies":[{"embeddable":true,"href":"https:\/\/www.beinproject.eu\/wordpress\/index.php?rest_route=%2Fwp%2Fv2%2Fcomments&post=1508"}],"version-history":[{"count":13,"href":"https:\/\/www.beinproject.eu\/wordpress\/index.php?rest_route=\/wp\/v2\/pages\/1508\/revisions"}],"predecessor-version":[{"id":1866,"href":"https:\/\/www.beinproject.eu\/wordpress\/index.php?rest_route=\/wp\/v2\/pages\/1508\/revisions\/1866"}],"wp:attachment":[{"href":"https:\/\/www.beinproject.eu\/wordpress\/index.php?rest_route=%2Fwp%2Fv2%2Fmedia&parent=1508"}],"curies":[{"name":"wp","href":"https:\/\/api.w.org\/{rel}","templated":true}]}}